{"id":1742,"date":"2025-02-07T12:46:59","date_gmt":"2025-02-07T11:46:59","guid":{"rendered":"https:\/\/netphoneplus.fr\/?post_type=product&#038;p=1742"},"modified":"2025-03-12T12:00:29","modified_gmt":"2025-03-12T11:00:29","slug":"apple-macbook-pro-retina-13-2015-i5-23-ghz-16-go-ram-256go-ssd-argent","status":"publish","type":"product","link":"https:\/\/netphoneplus.fr\/?product=apple-macbook-pro-retina-13-2015-i5-23-ghz-16-go-ram-256go-ssd-argent","title":{"rendered":"APPLE MacBook Pro Retina 13&#8243; 2015 i5 &#8211; 2,3 Ghz &#8211; 16 Go RAM &#8211; 256Go SSD &#8211; argent"},"content":{"rendered":"<table class=\"table table--fpDescTb\" role=\"table\" aria-label=\"Caract\u00e9ristiques du produit\">\n<caption class=\"u-visually-hidden\">\u00a0<\/caption>\n<thead class=\"table__header u-visually-hidden\" role=\"rowgroup\">\n<tr class=\"table__row\" role=\"row\">\n<th class=\"table__cell\" role=\"columnheader\" scope=\"col\" aria-sort=\"none\" aria-rowindex=\"1\"><\/th>\n<th class=\"table__cell\" role=\"columnheader\" scope=\"col\" aria-sort=\"none\" aria-rowindex=\"1\"><\/th>\n<\/tr>\n<\/thead>\n<tbody class=\"table__body\" role=\"rowgroup\">\n<tr class=\"table__row\" role=\"row\">\n<th class=\"table__head\" role=\"cell\" colspan=\"2\" scope=\"col\"><\/th>\n<\/tr>\n<tr class=\"table__row\" role=\"row\">\n<th class=\"table__cell\" role=\"cell\" scope=\"row\"><\/th>\n<td class=\"table__cell\" role=\"cell\"><\/td>\n<\/tr>\n<tr class=\"table__row\" role=\"row\">\n<th class=\"table__cell\" role=\"cell\" scope=\"row\"><\/th>\n<td class=\"table__cell\" role=\"cell\"><\/td>\n<\/tr>\n<tr class=\"table__row\" role=\"row\">\n<th class=\"table__cell\" role=\"cell\" scope=\"row\"><\/th>\n<td class=\"table__cell\" role=\"cell\"><\/td>\n<\/tr>\n<tr class=\"table__row\" role=\"row\">\n<th class=\"table__cell\" role=\"cell\" scope=\"row\"><\/th>\n<td class=\"table__cell\" role=\"cell\"><\/td>\n<\/tr>\n<tr class=\"table__row\" role=\"row\">\n<th class=\"table__head\" role=\"cell\" colspan=\"2\" scope=\"col\"><\/th>\n<\/tr>\n<tr class=\"table__row\" role=\"row\">\n<th class=\"table__cell\" role=\"cell\" scope=\"row\">Sous-\u00e9tat<\/th>\n<td class=\"table__cell\" role=\"cell\">tr\u00e8s bon \u00e9tat<\/td>\n<\/tr>\n<tr class=\"table__row\" role=\"row\">\n<th class=\"table__cell\" role=\"cell\" scope=\"row\">Ann\u00e9e de sortie<\/th>\n<td class=\"table__cell\" role=\"cell\">2015<\/td>\n<\/tr>\n<tr class=\"table__row\" role=\"row\">\n<th class=\"table__head\" role=\"cell\" colspan=\"2\" scope=\"col\">G\u00e9n\u00e9ral<\/th>\n<\/tr>\n<tr class=\"table__row\" role=\"row\">\n<th class=\"table__cell\" role=\"cell\" scope=\"row\">Syst\u00e8me d&#8217;exploitation<\/th>\n<td class=\"table__cell\" role=\"cell\">Apple macOS Sierra 10.12<\/td>\n<\/tr>\n<tr class=\"table__row\" role=\"row\">\n<th class=\"table__cell\" role=\"cell\" scope=\"row\">Type de Produit<\/th>\n<td class=\"table__cell\" role=\"cell\">Ordinateur portable<\/td>\n<\/tr>\n<tr class=\"table__row\" role=\"row\">\n<th class=\"table__head\" role=\"cell\" colspan=\"2\" scope=\"col\">Processeur \/ Chipset<\/th>\n<\/tr>\n<tr class=\"table__row\" role=\"row\">\n<th class=\"table__cell\" role=\"cell\" scope=\"row\">CPU<\/th>\n<td class=\"table__cell\" role=\"cell\">Intel Core i5 (5\u00e8me g\u00e9n\u00e9ration) 2.7 GHz<\/td>\n<\/tr>\n<tr class=\"table__row\" role=\"row\">\n<th class=\"table__cell\" role=\"cell\" scope=\"row\">Nombre de coeurs<\/th>\n<td class=\"table__cell\" role=\"cell\">Double coeur<\/td>\n<\/tr>\n<tr class=\"table__row\" role=\"row\">\n<th class=\"table__cell\" role=\"cell\" scope=\"row\">Cache<\/th>\n<td class=\"table__cell\" role=\"cell\">L3 &#8211; 3 Mo<\/td>\n<\/tr>\n<tr class=\"table__row\" role=\"row\">\n<th class=\"table__cell\" role=\"cell\" scope=\"row\">Technologie 64 bits<\/th>\n<td class=\"table__cell\" role=\"cell\">Oui<\/td>\n<\/tr>\n<tr class=\"table__row\" role=\"row\">\n<th class=\"table__cell\" role=\"cell\" scope=\"row\">Vitesse maximale en mode Turbo<\/th>\n<td class=\"table__cell\" role=\"cell\">3.1 GHz<\/td>\n<\/tr>\n<tr class=\"table__row\" role=\"row\">\n<th class=\"table__cell\" role=\"cell\" scope=\"row\">Fonctions<\/th>\n<td class=\"table__cell\" role=\"cell\">Contr\u00f4leur de m\u00e9moire int\u00e9gr\u00e9, technologie Intel Turbo Boost\u00a02.0<\/td>\n<\/tr>\n<tr class=\"table__row\" role=\"row\">\n<th class=\"table__head\" role=\"cell\" colspan=\"2\" scope=\"col\">Affichage<\/th>\n<\/tr>\n<tr class=\"table__row\" role=\"row\">\n<th class=\"table__cell\" role=\"cell\" scope=\"row\">Type<\/th>\n<td class=\"table__cell\" role=\"cell\">13.3&#8243; &#8211; IPS<\/td>\n<\/tr>\n<tr class=\"table__row\" role=\"row\">\n<th class=\"table__cell\" role=\"cell\" scope=\"row\">Technologie de r\u00e9tro\u00e9clairage LCD<\/th>\n<td class=\"table__cell\" role=\"cell\">R\u00e9tro\u00e9clairage par LED<\/td>\n<\/tr>\n<tr class=\"table__row\" role=\"row\">\n<th class=\"table__cell\" role=\"cell\" scope=\"row\">R\u00e9solution<\/th>\n<td class=\"table__cell\" role=\"cell\">2560 x 1600 (WQXGA)<\/td>\n<\/tr>\n<tr class=\"table__row\" role=\"row\">\n<th class=\"table__cell\" role=\"cell\" scope=\"row\">Grand \u00e9cran<\/th>\n<td class=\"table__cell\" role=\"cell\">Oui<\/td>\n<\/tr>\n<tr class=\"table__row\" role=\"row\">\n<th class=\"table__head\" role=\"cell\" colspan=\"2\" scope=\"col\">Stockage<\/th>\n<\/tr>\n<tr class=\"table__row\" role=\"row\">\n<th class=\"table__cell\" role=\"cell\" scope=\"row\">Stockage principal<\/th>\n<td class=\"table__cell\" role=\"cell\">256 Go<\/td>\n<\/tr>\n<tr class=\"table__row\" role=\"row\">\n<th class=\"table__head\" role=\"cell\" colspan=\"2\" scope=\"col\">M\u00e9moire<\/th>\n<\/tr>\n<tr class=\"table__row\" role=\"row\">\n<th class=\"table__cell\" role=\"cell\" scope=\"row\">RAM<\/th>\n<td class=\"table__cell\" role=\"cell\">8 Go<\/td>\n<\/tr>\n<tr class=\"table__row\" role=\"row\">\n<th class=\"table__cell\" role=\"cell\" scope=\"row\">Technologie<\/th>\n<td class=\"table__cell\" role=\"cell\">LPDDR3 SDRAM<\/td>\n<\/tr>\n<tr class=\"table__row\" role=\"row\">\n<th class=\"table__cell\" role=\"cell\" scope=\"row\">Vitesse<\/th>\n<td class=\"table__cell\" role=\"cell\">1866 MHz<\/td>\n<\/tr>\n<tr class=\"table__row\" role=\"row\">\n<th class=\"table__cell\" role=\"cell\" scope=\"row\">Stockage<\/th>\n<td class=\"table__cell\" role=\"cell\">256 Go<\/td>\n<\/tr>\n<tr class=\"table__row\" role=\"row\">\n<th class=\"table__head\" role=\"cell\" colspan=\"2\" scope=\"col\">Audio &amp; vid\u00e9o<\/th>\n<\/tr>\n<tr class=\"table__row\" role=\"row\">\n<th class=\"table__cell\" role=\"cell\" scope=\"row\">Processeur graphique<\/th>\n<td class=\"table__cell\" role=\"cell\">Intel Iris Graphics 6100<\/td>\n<\/tr>\n<tr class=\"table__row\" role=\"row\">\n<th class=\"table__cell\" role=\"cell\" scope=\"row\">Cam\u00e9ra<\/th>\n<td class=\"table__cell\" role=\"cell\">Oui &#8211; 720p<\/td>\n<\/tr>\n<tr class=\"table__row\" role=\"row\">\n<th class=\"table__cell\" role=\"cell\" scope=\"row\">Son<\/th>\n<td class=\"table__cell\" role=\"cell\">Haut-parleurs st\u00e9r\u00e9o, deux microphones<\/td>\n<\/tr>\n<tr class=\"table__row\" role=\"row\">\n<th class=\"table__head\" role=\"cell\" colspan=\"2\" scope=\"col\">Communications<\/th>\n<\/tr>\n<tr class=\"table__row\" role=\"row\">\n<th class=\"table__cell\" role=\"cell\" scope=\"row\">Sans fil<\/th>\n<td class=\"table__cell\" role=\"cell\">Bluetooth 4.0, 802.11a\/b\/g\/n\/ac<\/td>\n<\/tr>\n<tr class=\"table__row\" role=\"row\">\n<th class=\"table__head\" role=\"cell\" colspan=\"2\" scope=\"col\">Connexions &amp; extension<\/th>\n<\/tr>\n<tr class=\"table__row\" role=\"row\">\n<th class=\"table__cell\" role=\"cell\" scope=\"row\">Lecteur de carte m\u00e9moire<\/th>\n<td class=\"table__cell\" role=\"cell\">Oui (carte SDXC)<\/td>\n<\/tr>\n<tr class=\"table__row\" role=\"row\">\n<th class=\"table__cell\" role=\"cell\" scope=\"row\">Interfaces<\/th>\n<td class=\"table__cell\" role=\"cell\">2 x USB 3.0<br \/>\n2 x Thunderbolt 2<br \/>\nHDMI<br \/>\nSortie casque<\/td>\n<\/tr>\n<tr class=\"table__row\" role=\"row\">\n<th class=\"table__head\" role=\"cell\" colspan=\"2\" scope=\"col\"><\/th>\n<\/tr>\n<tr class=\"table__row\" role=\"row\">\n<th class=\"table__cell\" role=\"cell\" scope=\"row\"><\/th>\n<td class=\"table__cell\" role=\"cell\"><\/td>\n<\/tr>\n<tr class=\"table__row\" role=\"row\">\n<th class=\"table__head\" role=\"cell\" colspan=\"2\" scope=\"col\">Entr\u00e9e<\/th>\n<\/tr>\n<tr class=\"table__row\" role=\"row\">\n<th class=\"table__cell\" role=\"cell\" scope=\"row\">Type<\/th>\n<td class=\"table__cell\" role=\"cell\">Clavier, tablette tactile Force Touch<\/td>\n<\/tr>\n<tr class=\"table__row\" role=\"row\">\n<th class=\"table__cell\" role=\"cell\" scope=\"row\">Caract\u00e9ristiques<\/th>\n<td class=\"table__cell\" role=\"cell\">Sensibilit\u00e9 \u00e0 la pression, pav\u00e9 tactile multi-touches, Multi-Touch Gesture Recognition, d\u00e9tecteur de lumi\u00e8re ambiante, clic forc\u00e9<\/td>\n<\/tr>\n<tr class=\"table__row\" role=\"row\">\n<th class=\"table__cell\" role=\"cell\" scope=\"row\">Disposition du clavier<\/th>\n<td class=\"table__cell\" role=\"cell\">US<\/td>\n<\/tr>\n<tr class=\"table__row\" role=\"row\">\n<th class=\"table__cell\" role=\"cell\" scope=\"row\">R\u00e9tro\u00e9clairage du clavier<\/th>\n<td class=\"table__cell\" role=\"cell\">Oui<\/td>\n<\/tr>\n<tr class=\"table__row\" role=\"row\">\n<th class=\"table__head\" role=\"cell\" colspan=\"2\" scope=\"col\">Batterie<\/th>\n<\/tr>\n<tr class=\"table__row\" role=\"row\">\n<th class=\"table__cell\" role=\"cell\" scope=\"row\">Technologie<\/th>\n<td class=\"table__cell\" role=\"cell\">Lithium-polym\u00e8re<\/td>\n<\/tr>\n<tr class=\"table__row\" role=\"row\">\n<th class=\"table__cell\" role=\"cell\" scope=\"row\">Capacit\u00e9<\/th>\n<td class=\"table__cell\" role=\"cell\">256 Go<\/td>\n<\/tr>\n<tr class=\"table__row\" role=\"row\">\n<th class=\"table__cell\" role=\"cell\" scope=\"row\">Dur\u00e9e de fonctionnement<\/th>\n<td class=\"table__cell\" role=\"cell\">Jusqu&#8217;\u00e0 12 heures<\/td>\n<\/tr>\n<tr class=\"table__row\" role=\"row\">\n<th class=\"table__cell\" role=\"cell\" scope=\"row\">Dur\u00e9e de vie de la batterie<\/th>\n<td class=\"table__cell\" role=\"cell\">Navigation Web via WiFi: jusqu&#8217;\u00e0 10 heures<br \/>\nLecture vid\u00e9o: jusqu&#8217;\u00e0 12 heures<\/td>\n<\/tr>\n<tr class=\"table__row\" role=\"row\">\n<th class=\"table__head\" role=\"cell\" colspan=\"2\" scope=\"col\">Divers<\/th>\n<\/tr>\n<tr class=\"table__row\" role=\"row\">\n<th class=\"table__cell\" role=\"cell\" scope=\"row\">Localisation<\/th>\n<td class=\"table__cell\" role=\"cell\">Langue : anglais \/ r\u00e9gion : Etats-Unis<\/td>\n<\/tr>\n<tr class=\"table__row\" role=\"row\">\n<th class=\"table__cell\" role=\"cell\" scope=\"row\">Mati\u00e8re du boitier<\/th>\n<td class=\"table__cell\" role=\"cell\">Aluminium<\/td>\n<\/tr>\n<tr class=\"table__row\" role=\"row\">\n<th class=\"table__cell\" role=\"cell\" scope=\"row\">Valeur DAS<\/th>\n<td class=\"table__cell\" role=\"cell\">0,316 W\/kg (corps)<\/td>\n<\/tr>\n<tr class=\"table__row\" role=\"row\">\n<th class=\"table__head\" role=\"cell\" colspan=\"2\" scope=\"col\">Dimensions et poids<\/th>\n<\/tr>\n<tr class=\"table__row\" role=\"row\">\n<th class=\"table__cell\" role=\"cell\" scope=\"row\">Poids<\/th>\n<td class=\"table__cell\" role=\"cell\">1.58 kg<\/td>\n<\/tr>\n<tr class=\"table__row\" role=\"row\">\n<th class=\"table__cell\" role=\"cell\" scope=\"row\">Dimensions (LxPxH)<\/th>\n<td class=\"table__cell\" role=\"cell\">31.4 cm x 21.9 cm x 1.8 cm<\/td>\n<\/tr>\n<tr class=\"table__row\" role=\"row\">\n<th class=\"table__head\" role=\"cell\" colspan=\"2\" scope=\"col\">Normes environnementales<\/th>\n<\/tr>\n<tr class=\"table__row\" role=\"row\">\n<th class=\"table__cell\" role=\"cell\" scope=\"row\">Certifi\u00e9 ENERGY STAR<\/th>\n<td class=\"table__cell\" role=\"cell\">Oui<\/td>\n<\/tr>\n<tr class=\"table__row\" role=\"row\">\n<th class=\"table__head\" role=\"cell\" colspan=\"2\" scope=\"col\">Garantie du fabricant<\/th>\n<\/tr>\n<tr class=\"table__row\" role=\"row\">\n<th class=\"table__cell\" role=\"cell\" scope=\"row\">Service et maintenance<\/th>\n<td class=\"table__cell\" role=\"cell\">Garantie limit\u00e9e &#8211; 1 an<br \/>\nSupport technique &#8211; support t\u00e9l\u00e9phonique &#8211; 90 jours<\/td>\n<\/tr>\n<tr class=\"table__row\" role=\"row\">\n<th class=\"table__head\" role=\"cell\" colspan=\"2\" scope=\"col\">Adaptateur CA<\/th>\n<\/tr>\n<tr class=\"table__row\" role=\"row\">\n<th class=\"table__cell\" role=\"cell\" scope=\"row\">Entr\u00e9e<\/th>\n<td class=\"table__cell\" role=\"cell\">CA 100-240 V (50\/60 Hz)<\/td>\n<\/tr>\n<tr class=\"table__row\" role=\"row\">\n<th class=\"table__cell\" role=\"cell\" scope=\"row\">Sortie<\/th>\n<td class=\"table__cell\" role=\"cell\">60 Watt<\/td>\n<\/tr>\n<tr class=\"table__row\" role=\"row\">\n<th class=\"table__head\" role=\"cell\" colspan=\"2\" scope=\"col\">Caract\u00e9ristiques d\u2019environnement<\/th>\n<\/tr>\n<tr class=\"table__row\" role=\"row\">\n<th class=\"table__cell\" role=\"cell\" scope=\"row\">Taux d&#8217;humidit\u00e9 en fonctionnement<\/th>\n<td class=\"table__cell\" role=\"cell\">0 &#8211; 90 % (sans condensation)<\/td>\n<\/tr>\n<tr class=\"table__row\" role=\"row\">\n<th class=\"table__cell\" role=\"cell\" scope=\"row\">Temp\u00e9rature minimale de fonctionnement<\/th>\n<td class=\"table__cell\" role=\"cell\">10 \u00b0C<\/td>\n<\/tr>\n<tr class=\"table__row\" role=\"row\">\n<th class=\"table__cell\" role=\"cell\" scope=\"row\">Temp\u00e9rature maximale de fonctionnement<\/th>\n<td class=\"table__cell\" role=\"cell\">35 \u00b0C<\/td>\n<\/tr>\n<tr class=\"table__row\" role=\"row\">\n<th class=\"table__head\" role=\"cell\" colspan=\"2\" scope=\"col\">Attributs de recherche<\/th>\n<\/tr>\n<tr class=\"table__row\" role=\"row\">\n<th class=\"table__cell\" role=\"cell\" scope=\"row\">Stockage optique|Type de lecteur<\/th>\n<td class=\"table__cell\" role=\"cell\">Pas de disque optique<\/td>\n<\/tr>\n<tr class=\"table__row\" role=\"row\">\n<th class=\"table__head\" role=\"cell\" colspan=\"2\" scope=\"col\">Processeur<\/th>\n<\/tr>\n<tr class=\"table__row\" role=\"row\">\n<th class=\"table__cell\" role=\"cell\" scope=\"row\">Processeur<\/th>\n<td class=\"table__cell\" role=\"cell\">Intel Core i5<\/td>\n<\/tr>\n<tr class=\"table__row\" role=\"row\">\n<th class=\"table__head\" role=\"cell\" colspan=\"2\" scope=\"col\">Processeur \/ Chipset<\/th>\n<\/tr>\n<tr class=\"table__row\" role=\"row\">\n<th class=\"table__cell\" role=\"cell\" scope=\"row\">Cache<\/th>\n<td class=\"table__cell\" role=\"cell\">L3 &#8211; 3 Mo<\/td>\n<\/tr>\n<tr class=\"table__row\" role=\"row\">\n<th class=\"table__cell\" role=\"cell\" scope=\"row\">CPU<\/th>\n<td class=\"table__cell\" role=\"cell\">Intel Core i5 (5\u00e8me g\u00e9n\u00e9ration) 2.7 GHz<\/td>\n<\/tr>\n<tr class=\"table__row\" role=\"row\">\n<th class=\"table__cell\" role=\"cell\" scope=\"row\">Fonctions<\/th>\n<td class=\"table__cell\" role=\"cell\">Contr\u00f4leur de m\u00e9moire int\u00e9gr\u00e9, technologie Intel Turbo Boost\u00a02.0<\/td>\n<\/tr>\n<tr class=\"table__row\" role=\"row\">\n<th class=\"table__cell\" role=\"cell\" scope=\"row\">Nombre de coeurs<\/th>\n<td class=\"table__cell\" role=\"cell\">Double coeur<\/td>\n<\/tr>\n<tr class=\"table__row\" role=\"row\">\n<th class=\"table__cell\" role=\"cell\" scope=\"row\">Technologie 64 bits<\/th>\n<td class=\"table__cell\" role=\"cell\">Oui<\/td>\n<\/tr>\n<tr class=\"table__row\" role=\"row\">\n<th class=\"table__cell\" role=\"cell\" scope=\"row\">Vitesse maximale en mode Turbo<\/th>\n<td class=\"table__cell\" role=\"cell\">3.1 GHz<\/td>\n<\/tr>\n<tr class=\"table__row\" role=\"row\">\n<th class=\"table__head\" role=\"cell\" colspan=\"2\" scope=\"col\"><\/th>\n<\/tr>\n<tr class=\"table__row\" role=\"row\">\n<th class=\"table__cell\" role=\"cell\" scope=\"row\">Capacit\u00e9<\/th>\n<td class=\"table__cell\" role=\"cell\">256 Go<\/td>\n<\/tr>\n<tr class=\"table__row\" role=\"row\">\n<th class=\"table__head\" role=\"cell\" colspan=\"2\" scope=\"col\"><\/th>\n<\/tr>\n<tr class=\"table__row\" role=\"row\">\n<th class=\"table__cell\" role=\"cell\" scope=\"row\">Garantie<\/th>\n<td class=\"table__cell\" role=\"cell\">12 Mois<\/td>\n<\/tr>\n<\/tbody>\n<\/table>\n","protected":false},"excerpt":{"rendered":"<p>\u00a0 Sous-\u00e9tat tr\u00e8s bon \u00e9tat Ann\u00e9e de sortie 2015 G\u00e9n\u00e9ral Syst\u00e8me d&#8217;exploitation Apple macOS Sierra 10.12 Type de Produit Ordinateur portable Processeur \/ Chipset CPU Intel Core i5 (5\u00e8me g\u00e9n\u00e9ration) 2.7 GHz Nombre de coeurs Double coeur Cache L3 &#8211; 3 Mo Technologie 64 bits Oui Vitesse maximale en mode Turbo 3.1 GHz Fonctions Contr\u00f4leur&hellip;<\/p>\n","protected":false},"featured_media":1744,"comment_status":"open","ping_status":"closed","template":"","meta":{"om_disable_all_campaigns":false,"_monsterinsights_skip_tracking":false,"_monsterinsights_sitenote_active":false,"_monsterinsights_sitenote_note":"","_monsterinsights_sitenote_category":0},"product_cat":[176],"product_tag":[],"aioseo_notices":[],"jetpack_sharing_enabled":true,"_links":{"self":[{"href":"https:\/\/netphoneplus.fr\/index.php?rest_route=\/wp\/v2\/product\/1742"}],"collection":[{"href":"https:\/\/netphoneplus.fr\/index.php?rest_route=\/wp\/v2\/product"}],"about":[{"href":"https:\/\/netphoneplus.fr\/index.php?rest_route=\/wp\/v2\/types\/product"}],"replies":[{"embeddable":true,"href":"https:\/\/netphoneplus.fr\/index.php?rest_route=%2Fwp%2Fv2%2Fcomments&post=1742"}],"version-history":[{"count":2,"href":"https:\/\/netphoneplus.fr\/index.php?rest_route=\/wp\/v2\/product\/1742\/revisions"}],"predecessor-version":[{"id":1797,"href":"https:\/\/netphoneplus.fr\/index.php?rest_route=\/wp\/v2\/product\/1742\/revisions\/1797"}],"wp:featuredmedia":[{"embeddable":true,"href":"https:\/\/netphoneplus.fr\/index.php?rest_route=\/wp\/v2\/media\/1744"}],"wp:attachment":[{"href":"https:\/\/netphoneplus.fr\/index.php?rest_route=%2Fwp%2Fv2%2Fmedia&parent=1742"}],"wp:term":[{"taxonomy":"product_cat","embeddable":true,"href":"https:\/\/netphoneplus.fr\/index.php?rest_route=%2Fwp%2Fv2%2Fproduct_cat&post=1742"},{"taxonomy":"product_tag","embeddable":true,"href":"https:\/\/netphoneplus.fr\/index.php?rest_route=%2Fwp%2Fv2%2Fproduct_tag&post=1742"}],"curies":[{"name":"wp","href":"https:\/\/api.w.org\/{rel}","templated":true}]}}