{"id":1775,"date":"2025-02-12T15:05:49","date_gmt":"2025-02-12T14:05:49","guid":{"rendered":"https:\/\/netphoneplus.fr\/?post_type=product&#038;p=1775"},"modified":"2025-02-12T15:05:56","modified_gmt":"2025-02-12T14:05:56","slug":"crosscall-core-x3-smartphone-debloque-4g-16-go-noir","status":"publish","type":"product","link":"https:\/\/netphoneplus.fr\/?product=crosscall-core-x3-smartphone-debloque-4g-16-go-noir","title":{"rendered":"Crosscall CORE-X3 Smartphone d\u00e9bloqu\u00e9 4G &#8211; 16 Go  NOIR"},"content":{"rendered":"<table class=\"table table--fpDescTb\" role=\"table\" aria-label=\"Caract\u00e9ristiques du produit\">\n<caption class=\"u-visually-hidden\">\u00a0<\/caption>\n<thead class=\"table__header u-visually-hidden\" role=\"rowgroup\">\n<tr class=\"table__row\" role=\"row\">\n<th class=\"table__cell\" role=\"columnheader\" scope=\"col\" aria-sort=\"none\" aria-rowindex=\"1\"><\/th>\n<th class=\"table__cell\" role=\"columnheader\" scope=\"col\" aria-sort=\"none\" aria-rowindex=\"1\"><\/th>\n<\/tr>\n<\/thead>\n<tbody class=\"table__body\" role=\"rowgroup\">\n<tr class=\"table__row\" role=\"row\">\n<th class=\"table__head\" role=\"cell\" colspan=\"2\" scope=\"col\"><\/th>\n<\/tr>\n<tr class=\"table__row\" role=\"row\">\n<th class=\"table__cell\" role=\"cell\" scope=\"row\">Marque<\/th>\n<td class=\"table__cell\" role=\"cell\">CROSSCALL<\/td>\n<\/tr>\n<tr class=\"table__row\" role=\"row\">\n<th class=\"table__cell\" role=\"cell\" scope=\"row\">Nom du produit<\/th>\n<td class=\"table__cell\" role=\"cell\">CORE-X3 Smartphone d\u00e9bloqu\u00e9 4G &#8211; 16 Go Bleu fonc\u00e9<\/td>\n<\/tr>\n<tr class=\"table__row\" role=\"row\">\n<th class=\"table__cell\" role=\"cell\" scope=\"row\">Cat\u00e9gorie<\/th>\n<td class=\"table__cell\" role=\"cell\">SMARTPHONE<\/td>\n<\/tr>\n<tr class=\"table__row\" role=\"row\">\n<th class=\"table__head\" role=\"cell\" colspan=\"2\" scope=\"col\"><\/th>\n<\/tr>\n<tr class=\"table__row\" role=\"row\">\n<th class=\"table__cell\" role=\"cell\" scope=\"row\">Couleur principale<\/th>\n<td class=\"table__cell\" role=\"cell\">NOIR<\/td>\n<\/tr>\n<tr class=\"table__row\" role=\"row\">\n<th class=\"table__cell\" role=\"cell\" scope=\"row\">RAM|Taille install\u00e9e<\/th>\n<td class=\"table__cell\" role=\"cell\">6 Go<\/td>\n<\/tr>\n<tr class=\"table__row\" role=\"row\">\n<th class=\"table__cell\" role=\"cell\" scope=\"row\">Affichage|Taille de la diagonale<\/th>\n<td class=\"table__cell\" role=\"cell\">5 po<\/td>\n<\/tr>\n<tr class=\"table__row\" role=\"row\">\n<th class=\"table__cell\" role=\"cell\" scope=\"row\">M\u00e9moire flash|Capacit\u00e9 de la m\u00e9moire interne<\/th>\n<td class=\"table__cell\" role=\"cell\">16 Go<\/td>\n<\/tr>\n<tr class=\"table__row\" role=\"row\">\n<th class=\"table__cell\" role=\"cell\" scope=\"row\">Communications|Transmission de donn\u00e9es<\/th>\n<td class=\"table__cell\" role=\"cell\">LTE<\/td>\n<\/tr>\n<tr class=\"table__row\" role=\"row\">\n<th class=\"table__cell\" role=\"cell\" scope=\"row\">Batterie|Capacit\u00e9<\/th>\n<td class=\"table__cell\" role=\"cell\">3500 mAh<\/td>\n<\/tr>\n<tr class=\"table__row\" role=\"row\">\n<th class=\"table__cell\" role=\"cell\" scope=\"row\">T\u00e9l\u00e9phone mobile|Syst\u00e8me d&#8217;exploitation<\/th>\n<td class=\"table__cell\" role=\"cell\">Android<\/td>\n<\/tr>\n<tr class=\"table__row\" role=\"row\">\n<th class=\"table__cell\" role=\"cell\" scope=\"row\"><\/th>\n<td class=\"table__cell\" role=\"cell\"><\/td>\n<\/tr>\n<\/tbody>\n<\/table>\n","protected":false},"excerpt":{"rendered":"<p>\u00a0 Marque CROSSCALL Nom du produit CORE-X3 Smartphone d\u00e9bloqu\u00e9 4G &#8211; 16 Go Bleu fonc\u00e9 Cat\u00e9gorie SMARTPHONE Couleur principale NOIR RAM|Taille install\u00e9e 6 Go Affichage|Taille de la diagonale 5 po M\u00e9moire flash|Capacit\u00e9 de la m\u00e9moire interne 16 Go Communications|Transmission de donn\u00e9es LTE Batterie|Capacit\u00e9 3500 mAh T\u00e9l\u00e9phone mobile|Syst\u00e8me d&#8217;exploitation Android<\/p>\n","protected":false},"featured_media":1776,"comment_status":"open","ping_status":"closed","template":"","meta":{"om_disable_all_campaigns":false,"_monsterinsights_skip_tracking":false,"_monsterinsights_sitenote_active":false,"_monsterinsights_sitenote_note":"","_monsterinsights_sitenote_category":0},"product_cat":[187,53],"product_tag":[],"aioseo_notices":[],"jetpack_sharing_enabled":true,"_links":{"self":[{"href":"https:\/\/netphoneplus.fr\/index.php?rest_route=\/wp\/v2\/product\/1775"}],"collection":[{"href":"https:\/\/netphoneplus.fr\/index.php?rest_route=\/wp\/v2\/product"}],"about":[{"href":"https:\/\/netphoneplus.fr\/index.php?rest_route=\/wp\/v2\/types\/product"}],"replies":[{"embeddable":true,"href":"https:\/\/netphoneplus.fr\/index.php?rest_route=%2Fwp%2Fv2%2Fcomments&post=1775"}],"version-history":[{"count":1,"href":"https:\/\/netphoneplus.fr\/index.php?rest_route=\/wp\/v2\/product\/1775\/revisions"}],"predecessor-version":[{"id":1777,"href":"https:\/\/netphoneplus.fr\/index.php?rest_route=\/wp\/v2\/product\/1775\/revisions\/1777"}],"wp:featuredmedia":[{"embeddable":true,"href":"https:\/\/netphoneplus.fr\/index.php?rest_route=\/wp\/v2\/media\/1776"}],"wp:attachment":[{"href":"https:\/\/netphoneplus.fr\/index.php?rest_route=%2Fwp%2Fv2%2Fmedia&parent=1775"}],"wp:term":[{"taxonomy":"product_cat","embeddable":true,"href":"https:\/\/netphoneplus.fr\/index.php?rest_route=%2Fwp%2Fv2%2Fproduct_cat&post=1775"},{"taxonomy":"product_tag","embeddable":true,"href":"https:\/\/netphoneplus.fr\/index.php?rest_route=%2Fwp%2Fv2%2Fproduct_tag&post=1775"}],"curies":[{"name":"wp","href":"https:\/\/api.w.org\/{rel}","templated":true}]}}